{"id":1029,"date":"2021-11-16T08:39:07","date_gmt":"2021-11-16T07:39:07","guid":{"rendered":"https:\/\/vsscharten.at\/?page_id=1029"},"modified":"2021-11-16T08:39:26","modified_gmt":"2021-11-16T07:39:26","slug":"wie-fit-bist-du","status":"publish","type":"page","link":"https:\/\/vsscharten.at\/?page_id=1029","title":{"rendered":"Wie fit bist du?"},"content":{"rendered":"\n<p>Die Kinder der 2. Klassen k\u00f6nnen darauf eine Antwort geben &#8211; sehr fit! Das Land O\u00d6 bietet f\u00fcr Kinder eine sportmotorische Testung an, dabei werden Schnelligkeit, Geschicklichkeit und Beweglichkeit \u00fcberpr\u00fcft. Jedes Kind erh\u00e4lt dann eine genaue Auflistung seiner sportlichen F\u00e4higkeiten. Ein tolles Projekt, bei dem die Kinder mit gro\u00dfer Begeisterung dabei waren.<\/p>\n\n\n\n<figure class=\"wp-block-gallery columns-3 is-cropped wp-block-gallery-1 is-layout-flex wp-block-gallery-is-layout-flex\"><ul class=\"blocks-gallery-grid\"><li class=\"blocks-gallery-item\"><figure><img decoding=\"async\" src=\"https:\/\/vsscharten.at\/wp-content\/uploads\/2021\/11\/20211112_082447-1024x576.jpg\" alt=\"\" data-id=\"1030\" data-full-url=\"https:\/\/vsscharten.at\/wp-content\/uploads\/2021\/11\/20211112_082447-scaled.jpg\" data-link=\"https:\/\/vsscharten.at\/?attachment_id=1030\" class=\"wp-image-1030\"\/><\/figure><\/li><li class=\"blocks-gallery-item\"><figure><img decoding=\"async\" src=\"https:\/\/vsscharten.at\/wp-content\/uploads\/2021\/11\/20211112_082542-1024x576.jpg\" alt=\"\" data-id=\"1031\" data-full-url=\"https:\/\/vsscharten.at\/wp-content\/uploads\/2021\/11\/20211112_082542-scaled.jpg\" data-link=\"https:\/\/vsscharten.at\/?attachment_id=1031\" class=\"wp-image-1031\"\/><\/figure><\/li><li class=\"blocks-gallery-item\"><figure><img decoding=\"async\" src=\"https:\/\/vsscharten.at\/wp-content\/uploads\/2021\/11\/20211112_082748-1024x576.jpg\" alt=\"\" data-id=\"1032\" data-full-url=\"https:\/\/vsscharten.at\/wp-content\/uploads\/2021\/11\/20211112_082748-scaled.jpg\" data-link=\"https:\/\/vsscharten.at\/?attachment_id=1032\" class=\"wp-image-1032\"\/><\/figure><\/li><li class=\"blocks-gallery-item\"><figure><img decoding=\"async\" src=\"https:\/\/vsscharten.at\/wp-content\/uploads\/2021\/11\/20211112_082830-1024x576.jpg\" alt=\"\" data-id=\"1033\" data-full-url=\"https:\/\/vsscharten.at\/wp-content\/uploads\/2021\/11\/20211112_082830-scaled.jpg\" data-link=\"https:\/\/vsscharten.at\/?attachment_id=1033\" class=\"wp-image-1033\"\/><\/figure><\/li><li class=\"blocks-gallery-item\"><figure><img decoding=\"async\" src=\"https:\/\/vsscharten.at\/wp-content\/uploads\/2021\/11\/20211112_083021-1024x576.jpg\" alt=\"\" data-id=\"1034\" data-full-url=\"https:\/\/vsscharten.at\/wp-content\/uploads\/2021\/11\/20211112_083021-scaled.jpg\" data-link=\"https:\/\/vsscharten.at\/?attachment_id=1034\" class=\"wp-image-1034\"\/><\/figure><\/li><li class=\"blocks-gallery-item\"><figure><img decoding=\"async\" src=\"https:\/\/vsscharten.at\/wp-content\/uploads\/2021\/11\/20211112_083209-1024x576.jpg\" alt=\"\" data-id=\"1035\" data-full-url=\"https:\/\/vsscharten.at\/wp-content\/uploads\/2021\/11\/20211112_083209-scaled.jpg\" data-link=\"https:\/\/vsscharten.at\/?attachment_id=1035\" class=\"wp-image-1035\"\/><\/figure><\/li><li class=\"blocks-gallery-item\"><figure><img decoding=\"async\" src=\"https:\/\/vsscharten.at\/wp-content\/uploads\/2021\/11\/20211112_083243-1024x576.jpg\" alt=\"\" data-id=\"1036\" data-full-url=\"https:\/\/vsscharten.at\/wp-content\/uploads\/2021\/11\/20211112_083243-scaled.jpg\" data-link=\"https:\/\/vsscharten.at\/?attachment_id=1036\" class=\"wp-image-1036\"\/><\/figure><\/li><li class=\"blocks-gallery-item\"><figure><img decoding=\"async\" src=\"https:\/\/vsscharten.at\/wp-content\/uploads\/2021\/11\/20211112_083256-1024x576.jpg\" alt=\"\" data-id=\"1037\" data-full-url=\"https:\/\/vsscharten.at\/wp-content\/uploads\/2021\/11\/20211112_083256-scaled.jpg\" data-link=\"https:\/\/vsscharten.at\/?attachment_id=1037\" class=\"wp-image-1037\"\/><\/figure><\/li><li class=\"blocks-gallery-item\"><figure><img decoding=\"async\" src=\"https:\/\/vsscharten.at\/wp-content\/uploads\/2021\/11\/20211112_083339-1024x576.jpg\" alt=\"\" data-id=\"1038\" data-full-url=\"https:\/\/vsscharten.at\/wp-content\/uploads\/2021\/11\/20211112_083339-scaled.jpg\" data-link=\"https:\/\/vsscharten.at\/?attachment_id=1038\" class=\"wp-image-1038\"\/><\/figure><\/li><li class=\"blocks-gallery-item\"><figure><img decoding=\"async\" src=\"https:\/\/vsscharten.at\/wp-content\/uploads\/2021\/11\/20211112_083415-1024x576.jpg\" alt=\"\" data-id=\"1039\" data-full-url=\"https:\/\/vsscharten.at\/wp-content\/uploads\/2021\/11\/20211112_083415-scaled.jpg\" data-link=\"https:\/\/vsscharten.at\/?attachment_id=1039\" class=\"wp-image-1039\"\/><\/figure><\/li><li class=\"blocks-gallery-item\"><figure><img decoding=\"async\" src=\"https:\/\/vsscharten.at\/wp-content\/uploads\/2021\/11\/20211112_083524-1024x576.jpg\" alt=\"\" data-id=\"1040\" data-full-url=\"https:\/\/vsscharten.at\/wp-content\/uploads\/2021\/11\/20211112_083524-scaled.jpg\" data-link=\"https:\/\/vsscharten.at\/?attachment_id=1040\" class=\"wp-image-1040\"\/><\/figure><\/li><li class=\"blocks-gallery-item\"><figure><img decoding=\"async\" src=\"https:\/\/vsscharten.at\/wp-content\/uploads\/2021\/11\/20211112_083620-1024x576.jpg\" alt=\"\" data-id=\"1041\" data-full-url=\"https:\/\/vsscharten.at\/wp-content\/uploads\/2021\/11\/20211112_083620-scaled.jpg\" data-link=\"https:\/\/vsscharten.at\/?attachment_id=1041\" class=\"wp-image-1041\"\/><\/figure><\/li><li class=\"blocks-gallery-item\"><figure><img decoding=\"async\" src=\"https:\/\/vsscharten.at\/wp-content\/uploads\/2021\/11\/20211112_084005-576x1024.jpg\" alt=\"\" data-id=\"1042\" data-full-url=\"https:\/\/vsscharten.at\/wp-content\/uploads\/2021\/11\/20211112_084005-scaled.jpg\" data-link=\"https:\/\/vsscharten.at\/?attachment_id=1042\" class=\"wp-image-1042\"\/><\/figure><\/li><li class=\"blocks-gallery-item\"><figure><img decoding=\"async\" src=\"https:\/\/vsscharten.at\/wp-content\/uploads\/2021\/11\/20211112_084039-1024x576.jpg\" alt=\"\" data-id=\"1043\" data-full-url=\"https:\/\/vsscharten.at\/wp-content\/uploads\/2021\/11\/20211112_084039-scaled.jpg\" data-link=\"https:\/\/vsscharten.at\/?attachment_id=1043\" class=\"wp-image-1043\"\/><\/figure><\/li><li class=\"blocks-gallery-item\"><figure><img decoding=\"async\" src=\"https:\/\/vsscharten.at\/wp-content\/uploads\/2021\/11\/20211112_084222-1024x576.jpg\" alt=\"\" data-id=\"1044\" data-full-url=\"https:\/\/vsscharten.at\/wp-content\/uploads\/2021\/11\/20211112_084222-scaled.jpg\" data-link=\"https:\/\/vsscharten.at\/?attachment_id=1044\" class=\"wp-image-1044\"\/><\/figure><\/li><li class=\"blocks-gallery-item\"><figure><img decoding=\"async\" src=\"https:\/\/vsscharten.at\/wp-content\/uploads\/2021\/11\/20211112_084239-1024x576.jpg\" alt=\"\" data-id=\"1045\" data-full-url=\"https:\/\/vsscharten.at\/wp-content\/uploads\/2021\/11\/20211112_084239-scaled.jpg\" data-link=\"https:\/\/vsscharten.at\/?attachment_id=1045\" class=\"wp-image-1045\"\/><\/figure><\/li><li class=\"blocks-gallery-item\"><figure><img decoding=\"async\" src=\"https:\/\/vsscharten.at\/wp-content\/uploads\/2021\/11\/20211112_084315-1024x576.jpg\" alt=\"\" data-id=\"1046\" data-full-url=\"https:\/\/vsscharten.at\/wp-content\/uploads\/2021\/11\/20211112_084315-scaled.jpg\" data-link=\"https:\/\/vsscharten.at\/?attachment_id=1046\" class=\"wp-image-1046\"\/><\/figure><\/li><li class=\"blocks-gallery-item\"><figure><img decoding=\"async\" src=\"https:\/\/vsscharten.at\/wp-content\/uploads\/2021\/11\/20211112_084404-1024x576.jpg\" alt=\"\" data-id=\"1047\" data-full-url=\"https:\/\/vsscharten.at\/wp-content\/uploads\/2021\/11\/20211112_084404-scaled.jpg\" data-link=\"https:\/\/vsscharten.at\/?attachment_id=1047\" class=\"wp-image-1047\"\/><\/figure><\/li><li class=\"blocks-gallery-item\"><figure><img decoding=\"async\" src=\"https:\/\/vsscharten.at\/wp-content\/uploads\/2021\/11\/20211112_084450-1024x576.jpg\" alt=\"\" data-id=\"1048\" data-full-url=\"https:\/\/vsscharten.at\/wp-content\/uploads\/2021\/11\/20211112_084450-scaled.jpg\" data-link=\"https:\/\/vsscharten.at\/?attachment_id=1048\" class=\"wp-image-1048\"\/><\/figure><\/li><li class=\"blocks-gallery-item\"><figure><img decoding=\"async\" src=\"https:\/\/vsscharten.at\/wp-content\/uploads\/2021\/11\/20211112_085112-1024x576.jpg\" alt=\"\" data-id=\"1049\" data-full-url=\"https:\/\/vsscharten.at\/wp-content\/uploads\/2021\/11\/20211112_085112-scaled.jpg\" data-link=\"https:\/\/vsscharten.at\/?attachment_id=1049\" class=\"wp-image-1049\"\/><\/figure><\/li><li class=\"blocks-gallery-item\"><figure><img decoding=\"async\" src=\"https:\/\/vsscharten.at\/wp-content\/uploads\/2021\/11\/20211112_085315-1024x576.jpg\" alt=\"\" data-id=\"1050\" data-full-url=\"https:\/\/vsscharten.at\/wp-content\/uploads\/2021\/11\/20211112_085315-scaled.jpg\" data-link=\"https:\/\/vsscharten.at\/?attachment_id=1050\" class=\"wp-image-1050\"\/><\/figure><\/li><li class=\"blocks-gallery-item\"><figure><img decoding=\"async\" src=\"https:\/\/vsscharten.at\/wp-content\/uploads\/2021\/11\/20211112_085335-1024x576.jpg\" alt=\"\" data-id=\"1051\" data-full-url=\"https:\/\/vsscharten.at\/wp-content\/uploads\/2021\/11\/20211112_085335-scaled.jpg\" data-link=\"https:\/\/vsscharten.at\/?attachment_id=1051\" class=\"wp-image-1051\"\/><\/figure><\/li><li class=\"blocks-gallery-item\"><figure><img decoding=\"async\" src=\"https:\/\/vsscharten.at\/wp-content\/uploads\/2021\/11\/20211112_085514-1024x576.jpg\" alt=\"\" data-id=\"1052\" data-full-url=\"https:\/\/vsscharten.at\/wp-content\/uploads\/2021\/11\/20211112_085514-scaled.jpg\" data-link=\"https:\/\/vsscharten.at\/?attachment_id=1052\" class=\"wp-image-1052\"\/><\/figure><\/li><li class=\"blocks-gallery-item\"><figure><img decoding=\"async\" src=\"https:\/\/vsscharten.at\/wp-content\/uploads\/2021\/11\/20211112_085639-1024x576.jpg\" alt=\"\" data-id=\"1053\" data-full-url=\"https:\/\/vsscharten.at\/wp-content\/uploads\/2021\/11\/20211112_085639-scaled.jpg\" data-link=\"https:\/\/vsscharten.at\/?attachment_id=1053\" class=\"wp-image-1053\"\/><\/figure><\/li><li class=\"blocks-gallery-item\"><figure><img decoding=\"async\" src=\"https:\/\/vsscharten.at\/wp-content\/uploads\/2021\/11\/20211112_085656-1024x576.jpg\" alt=\"\" data-id=\"1054\" data-full-url=\"https:\/\/vsscharten.at\/wp-content\/uploads\/2021\/11\/20211112_085656-scaled.jpg\" data-link=\"https:\/\/vsscharten.at\/?attachment_id=1054\" class=\"wp-image-1054\"\/><\/figure><\/li><li class=\"blocks-gallery-item\"><figure><img decoding=\"async\" src=\"https:\/\/vsscharten.at\/wp-content\/uploads\/2021\/11\/20211112_085735-1024x576.jpg\" alt=\"\" data-id=\"1055\" data-full-url=\"https:\/\/vsscharten.at\/wp-content\/uploads\/2021\/11\/20211112_085735-scaled.jpg\" data-link=\"https:\/\/vsscharten.at\/?attachment_id=1055\" class=\"wp-image-1055\"\/><\/figure><\/li><li class=\"blocks-gallery-item\"><figure><img decoding=\"async\" src=\"https:\/\/vsscharten.at\/wp-content\/uploads\/2021\/11\/20211112_085813-1024x576.jpg\" alt=\"\" data-id=\"1057\" data-full-url=\"https:\/\/vsscharten.at\/wp-content\/uploads\/2021\/11\/20211112_085813-scaled.jpg\" data-link=\"https:\/\/vsscharten.at\/?attachment_id=1057\" class=\"wp-image-1057\"\/><\/figure><\/li><li class=\"blocks-gallery-item\"><figure><img decoding=\"async\" src=\"https:\/\/vsscharten.at\/wp-content\/uploads\/2021\/11\/20211112_085852-1024x576.jpg\" alt=\"\" data-id=\"1058\" data-full-url=\"https:\/\/vsscharten.at\/wp-content\/uploads\/2021\/11\/20211112_085852-scaled.jpg\" data-link=\"https:\/\/vsscharten.at\/?attachment_id=1058\" class=\"wp-image-1058\"\/><\/figure><\/li><li class=\"blocks-gallery-item\"><figure><img decoding=\"async\" src=\"https:\/\/vsscharten.at\/wp-content\/uploads\/2021\/11\/20211112_090150-1024x576.jpg\" alt=\"\" data-id=\"1060\" data-full-url=\"https:\/\/vsscharten.at\/wp-content\/uploads\/2021\/11\/20211112_090150-scaled.jpg\" data-link=\"https:\/\/vsscharten.at\/?attachment_id=1060\" class=\"wp-image-1060\"\/><\/figure><\/li><li class=\"blocks-gallery-item\"><figure><img decoding=\"async\" src=\"https:\/\/vsscharten.at\/wp-content\/uploads\/2021\/11\/20211112_090610-576x1024.jpg\" alt=\"\" data-id=\"1061\" data-full-url=\"https:\/\/vsscharten.at\/wp-content\/uploads\/2021\/11\/20211112_090610-scaled.jpg\" data-link=\"https:\/\/vsscharten.at\/?attachment_id=1061\" class=\"wp-image-1061\"\/><\/figure><\/li><li class=\"blocks-gallery-item\"><figure><img decoding=\"async\" src=\"https:\/\/vsscharten.at\/wp-content\/uploads\/2021\/11\/20211112_091713-576x1024.jpg\" alt=\"\" data-id=\"1062\" data-full-url=\"https:\/\/vsscharten.at\/wp-content\/uploads\/2021\/11\/20211112_091713-scaled.jpg\" data-link=\"https:\/\/vsscharten.at\/?attachment_id=1062\" class=\"wp-image-1062\"\/><\/figure><\/li><li class=\"blocks-gallery-item\"><figure><img decoding=\"async\" src=\"https:\/\/vsscharten.at\/wp-content\/uploads\/2021\/11\/20211112_092624-576x1024.jpg\" alt=\"\" data-id=\"1063\" data-full-url=\"https:\/\/vsscharten.at\/wp-content\/uploads\/2021\/11\/20211112_092624-scaled.jpg\" data-link=\"https:\/\/vsscharten.at\/?attachment_id=1063\" class=\"wp-image-1063\"\/><\/figure><\/li><li class=\"blocks-gallery-item\"><figure><img decoding=\"async\" src=\"https:\/\/vsscharten.at\/wp-content\/uploads\/2021\/11\/20211112_094208-1024x576.jpg\" alt=\"\" data-id=\"1064\" data-full-url=\"https:\/\/vsscharten.at\/wp-content\/uploads\/2021\/11\/20211112_094208-scaled.jpg\" data-link=\"https:\/\/vsscharten.at\/?attachment_id=1064\" class=\"wp-image-1064\"\/><\/figure><\/li><li class=\"blocks-gallery-item\"><figure><img decoding=\"async\" src=\"https:\/\/vsscharten.at\/wp-content\/uploads\/2021\/11\/20211112_094231-1024x576.jpg\" alt=\"\" data-id=\"1065\" data-full-url=\"https:\/\/vsscharten.at\/wp-content\/uploads\/2021\/11\/20211112_094231-scaled.jpg\" data-link=\"https:\/\/vsscharten.at\/?attachment_id=1065\" class=\"wp-image-1065\"\/><\/figure><\/li><\/ul><\/figure>\n","protected":false},"excerpt":{"rendered":"<p>Die Kinder der 2. Klassen k\u00f6nnen darauf eine Antwort geben &#8211; sehr fit! Das Land O\u00d6 bietet f\u00fcr Kinder eine sportmotorische Testung an, dabei werden Schnelligkeit, Geschicklichkeit und Beweglichkeit \u00fcberpr\u00fcft. Jedes Kind erh\u00e4lt dann eine genaue Auflistung seiner sportlichen F\u00e4higkeiten. Ein tolles Projekt, bei dem die Kinder mit gro\u00dfer Begeisterung dabei waren.<\/p>\n","protected":false},"author":1,"featured_media":0,"parent":0,"menu_order":0,"comment_status":"closed","ping_status":"closed","template":"","meta":{"site-sidebar-layout":"default","site-content-layout":"default","ast-site-content-layout":"default","site-content-style":"default","site-sidebar-style":"default","ast-global-header-display":"","ast-banner-title-visibility":"","ast-main-header-display":"","ast-hfb-above-header-display":"","ast-hfb-below-header-display":"","ast-hfb-mobile-header-display":"","site-post-title":"","ast-breadcrumbs-content":"","ast-featured-img":"","footer-sml-layout":"","ast-disable-related-posts":"","theme-transparent-header-meta":"default","adv-header-id-meta":"","stick-header-meta":"","header-above-stick-meta":"","header-main-stick-meta":"","header-below-stick-meta":"","astra-migrate-meta-layouts":"default","ast-page-background-enabled":"default","ast-page-background-meta":{"desktop":{"background-color":"var(--ast-global-color-4)","background-image":"","background-repeat":"repeat","background-position":"center center","background-size":"auto","background-attachment":"scroll","background-type":"","background-media":"","overlay-type":"","overlay-color":"","overlay-opacity":"","overlay-gradient":""},"tablet":{"background-color":"","background-image":"","background-repeat":"repeat","background-position":"center center","background-size":"auto","background-attachment":"scroll","background-type":"","background-media":"","overlay-type":"","overlay-color":"","overlay-opacity":"","overlay-gradient":""},"mobile":{"background-color":"","background-image":"","background-repeat":"repeat","background-position":"center center","background-size":"auto","background-attachment":"scroll","background-type":"","background-media":"","overlay-type":"","overlay-color":"","overlay-opacity":"","overlay-gradient":""}},"ast-content-background-meta":{"desktop":{"background-color":"var(--ast-global-color-5)","background-image":"","background-repeat":"repeat","background-position":"center center","background-size":"auto","background-attachment":"scroll","background-type":"","background-media":"","overlay-type":"","overlay-color":"","overlay-opacity":"","overlay-gradient":""},"tablet":{"background-color":"var(--ast-global-color-5)","background-image":"","background-repeat":"repeat","background-position":"center center","background-size":"auto","background-attachment":"scroll","background-type":"","background-media":"","overlay-type":"","overlay-color":"","overlay-opacity":"","overlay-gradient":""},"mobile":{"background-color":"var(--ast-global-color-5)","background-image":"","background-repeat":"repeat","background-position":"center center","background-size":"auto","background-attachment":"scroll","background-type":"","background-media":"","overlay-type":"","overlay-color":"","overlay-opacity":"","overlay-gradient":""}},"ngg_post_thumbnail":0,"footnotes":""},"class_list":["post-1029","page","type-page","status-publish","hentry"],"_links":{"self":[{"href":"https:\/\/vsscharten.at\/index.php?rest_route=\/wp\/v2\/pages\/1029","targetHints":{"allow":["GET"]}}],"collection":[{"href":"https:\/\/vsscharten.at\/index.php?rest_route=\/wp\/v2\/pages"}],"about":[{"href":"https:\/\/vsscharten.at\/index.php?rest_route=\/wp\/v2\/types\/page"}],"author":[{"embeddable":true,"href":"https:\/\/vsscharten.at\/index.php?rest_route=\/wp\/v2\/users\/1"}],"replies":[{"embeddable":true,"href":"https:\/\/vsscharten.at\/index.php?rest_route=%2Fwp%2Fv2%2Fcomments&post=1029"}],"version-history":[{"count":3,"href":"https:\/\/vsscharten.at\/index.php?rest_route=\/wp\/v2\/pages\/1029\/revisions"}],"predecessor-version":[{"id":1067,"href":"https:\/\/vsscharten.at\/index.php?rest_route=\/wp\/v2\/pages\/1029\/revisions\/1067"}],"wp:attachment":[{"href":"https:\/\/vsscharten.at\/index.php?rest_route=%2Fwp%2Fv2%2Fmedia&parent=1029"}],"curies":[{"name":"wp","href":"https:\/\/api.w.org\/{rel}","templated":true}]}}