{"id":226,"date":"2021-08-19T16:30:06","date_gmt":"2021-08-19T14:30:06","guid":{"rendered":"https:\/\/vsscharten.at\/?page_id=226"},"modified":"2024-12-10T08:32:53","modified_gmt":"2024-12-10T07:32:53","slug":"information","status":"publish","type":"page","link":"https:\/\/vsscharten.at\/?page_id=226","title":{"rendered":"Umweltzeichen"},"content":{"rendered":"\n<h3 class=\"wp-block-heading\"><strong>Information<\/strong><\/h3>\n\n\n\n<p>Das <strong>\u00d6sterreichische Umweltzeichen<\/strong> f\u00fcr Schulen zeichnet Institutionen, die&nbsp;f\u00fcr einen zeitgem\u00e4\u00dfen bildungspolitischen Auftrag stehen, aus. Diese Schulen legen Wert auf einen cleveren Umgang&nbsp; mit Energie und Abfallentsorgung, vermitteln Umweltengagement und umfassen dar\u00fcber hinaus den Aspekt der nachhaltigen sozialen&nbsp; Schulentwicklung. Biologische Ern\u00e4hrung und Gesundheitsf\u00f6rderung sind selbstverst\u00e4ndlich weitere wichtige Kernthemen der Umweltzeichen-Schulen.<\/p>\n\n\n\n<figure class=\"wp-block-image alignright size-full is-resized is-style-default\"><img decoding=\"async\" src=\"https:\/\/vsscharten.at\/wp-content\/uploads\/2021\/08\/grafik.png\" alt=\"\" class=\"wp-image-224\" style=\"width:160px;height:150px\"\/><\/figure>\n\n\n\n<p>Im <strong>Juni 2024<\/strong> hatten wir die Folgepr\u00fcfung durch den Verein f\u00fcr Konsumentenschutz. Wir sind sehr stolz darauf, <strong>erneut mit dem Umweltzeichen ausgezeichnet<\/strong> worden zu sein. Alle vier Jahre kommt es zu einer Neu\u00fcberpr\u00fcfung, bei der viele Aspekte des Umweltgedankens kontrolliert werden. Nicht nur der Umweltschutz steht im Mittelpunkt, auch die soziale Gesundheit hat dabei eine wichtige Bedeutung. Nur im Zusammenspiel aller Beteiligten ist ein erfolgreiches Abschneiden m\u00f6glich. Doch mit unseren zahlreichen Aktivit\u00e4ten und Projekten d\u00fcrfen wir auch in Zukunft stolze Tr\u00e4gerin des \u00d6sterreichischen Umweltzeichens sein.<\/p>\n\n\n\n<p>Informationen zum Umweltzeichen finden Sie auf:<\/p>\n\n\n\n<p><a href=\"http:\/\/www.umweltzeichen.at\">http:\/\/www.umweltzeichen.at<\/a><\/p>\n\n\n\n<p><\/p>\n\n\n\n<h3 class=\"wp-block-heading\"><strong>Team<\/strong><\/h3>\n\n\n\n<figure class=\"wp-block-table\"><table><tbody><tr><td><\/td><td><strong>Koordinatorin: <\/strong>Isabel Deinhammer \u2013 zust\u00e4ndig f\u00fcr:<br>Umweltmanagement, Umweltp\u00e4dagogik,&nbsp;Beschaffung von Unterrichtsmaterialien,&nbsp; Ergonomie und Innenraum,&nbsp;Au\u00dfenraum, Verkehr und Mobilit\u00e4t<br><strong>Team:<\/strong> Astrid Bodingbauer, Petra W\u00fcrzl-Strubreiter (Elternverein)<\/td><\/tr><tr><td><\/td><td><strong>Stellvertreter: <\/strong>Markus Deixler \u2013 zust\u00e4ndig f\u00fcr:<br>Energie- und Bauausf\u00fchrung, Chemie und Reinigung, Wasser und Abfall<\/td><\/tr><\/tbody><\/table><\/figure>\n\n\n\n<p><\/p>\n\n\n\n<h3 class=\"wp-block-heading\"><strong>Aktivit\u00e4ten<\/strong><\/h3>\n\n\n\n<p>Bilder und Informationen zu unseren Aktionen finden Sie auf der allgemeinen Seite f\u00fcr Aktivit\u00e4ten.<\/p>\n","protected":false},"excerpt":{"rendered":"<p>Information Das \u00d6sterreichische Umweltzeichen f\u00fcr Schulen zeichnet Institutionen, die&nbsp;f\u00fcr einen zeitgem\u00e4\u00dfen bildungspolitischen Auftrag stehen, aus. Diese Schulen legen Wert auf einen cleveren Umgang&nbsp; mit Energie und Abfallentsorgung, vermitteln Umweltengagement und umfassen dar\u00fcber hinaus den Aspekt der nachhaltigen sozialen&nbsp; Schulentwicklung. Biologische Ern\u00e4hrung und Gesundheitsf\u00f6rderung sind selbstverst\u00e4ndlich weitere wichtige Kernthemen der Umweltzeichen-Schulen. Im Juni 2024 hatten wir [&hellip;]<\/p>\n","protected":false},"author":1,"featured_media":0,"parent":0,"menu_order":0,"comment_status":"closed","ping_status":"closed","template":"","meta":{"site-sidebar-layout":"default","site-content-layout":"default","ast-site-content-layout":"default","site-content-style":"default","site-sidebar-style":"default","ast-global-header-display":"","ast-banner-title-visibility":"","ast-main-header-display":"","ast-hfb-above-header-display":"","ast-hfb-below-header-display":"","ast-hfb-mobile-header-display":"","site-post-title":"","ast-breadcrumbs-content":"","ast-featured-img":"","footer-sml-layout":"","ast-disable-related-posts":"","theme-transparent-header-meta":"default","adv-header-id-meta":"","stick-header-meta":"","header-above-stick-meta":"","header-main-stick-meta":"","header-below-stick-meta":"","astra-migrate-meta-layouts":"set","ast-page-background-enabled":"default","ast-page-background-meta":{"desktop":{"background-color":"var(--ast-global-color-4)","background-image":"","background-repeat":"repeat","background-position":"center center","background-size":"auto","background-attachment":"scroll","background-type":"","background-media":"","overlay-type":"","overlay-color":"","overlay-opacity":"","overlay-gradient":""},"tablet":{"background-color":"","background-image":"","background-repeat":"repeat","background-position":"center center","background-size":"auto","background-attachment":"scroll","background-type":"","background-media":"","overlay-type":"","overlay-color":"","overlay-opacity":"","overlay-gradient":""},"mobile":{"background-color":"","background-image":"","background-repeat":"repeat","background-position":"center center","background-size":"auto","background-attachment":"scroll","background-type":"","background-media":"","overlay-type":"","overlay-color":"","overlay-opacity":"","overlay-gradient":""}},"ast-content-background-meta":{"desktop":{"background-color":"var(--ast-global-color-5)","background-image":"","background-repeat":"repeat","background-position":"center center","background-size":"auto","background-attachment":"scroll","background-type":"","background-media":"","overlay-type":"","overlay-color":"","overlay-opacity":"","overlay-gradient":""},"tablet":{"background-color":"var(--ast-global-color-5)","background-image":"","background-repeat":"repeat","background-position":"center center","background-size":"auto","background-attachment":"scroll","background-type":"","background-media":"","overlay-type":"","overlay-color":"","overlay-opacity":"","overlay-gradient":""},"mobile":{"background-color":"var(--ast-global-color-5)","background-image":"","background-repeat":"repeat","background-position":"center center","background-size":"auto","background-attachment":"scroll","background-type":"","background-media":"","overlay-type":"","overlay-color":"","overlay-opacity":"","overlay-gradient":""}},"ngg_post_thumbnail":0,"footnotes":""},"class_list":["post-226","page","type-page","status-publish","hentry"],"_links":{"self":[{"href":"https:\/\/vsscharten.at\/index.php?rest_route=\/wp\/v2\/pages\/226","targetHints":{"allow":["GET"]}}],"collection":[{"href":"https:\/\/vsscharten.at\/index.php?rest_route=\/wp\/v2\/pages"}],"about":[{"href":"https:\/\/vsscharten.at\/index.php?rest_route=\/wp\/v2\/types\/page"}],"author":[{"embeddable":true,"href":"https:\/\/vsscharten.at\/index.php?rest_route=\/wp\/v2\/users\/1"}],"replies":[{"embeddable":true,"href":"https:\/\/vsscharten.at\/index.php?rest_route=%2Fwp%2Fv2%2Fcomments&post=226"}],"version-history":[{"count":10,"href":"https:\/\/vsscharten.at\/index.php?rest_route=\/wp\/v2\/pages\/226\/revisions"}],"predecessor-version":[{"id":2331,"href":"https:\/\/vsscharten.at\/index.php?rest_route=\/wp\/v2\/pages\/226\/revisions\/2331"}],"wp:attachment":[{"href":"https:\/\/vsscharten.at\/index.php?rest_route=%2Fwp%2Fv2%2Fmedia&parent=226"}],"curies":[{"name":"wp","href":"https:\/\/api.w.org\/{rel}","templated":true}]}}