{"id":401,"date":"2021-08-27T11:44:12","date_gmt":"2021-08-27T09:44:12","guid":{"rendered":"https:\/\/vsscharten.at\/?page_id=401"},"modified":"2023-10-12T07:30:01","modified_gmt":"2023-10-12T05:30:01","slug":"elternverein","status":"publish","type":"page","link":"https:\/\/vsscharten.at\/?page_id=401","title":{"rendered":"Elternverein"},"content":{"rendered":"\n<p><strong>DER ELTERNVEREIN DER VS SCHARTEN STELLT SICH VOR<\/strong><\/p>\n\n\n\n<p><strong>Was ist der Elternverein?<\/strong><\/p>\n\n\n\n<p>* Der Elternverein ist ein \u00fcberparteilicher, konfessionell nicht gebundener Verein f\u00fcr die Eltern, deren Kinder die Volksschule Scharten besuchen.<\/p>\n\n\n\n<p>* Im Interesse einer guten Erziehung und F\u00f6rderung unserer Kinder sollen wir als Eltern unsere Rechte und M\u00f6glichkeiten auch in der Schule wahrnehmen. Dazu geh\u00f6ren auch die Mitsprache und Mitarbeit in schulischen Belangen.<\/p>\n\n\n\n<p>* Der Elternverein stellt durch die gute Zusammenarbeit von Eltern und LehrerInnen eine bew\u00e4hrte Basis f\u00fcr gemeinsames Handeln dar und ist ein Bindeglied zwischen Schule und Elternhaus.<\/p>\n\n\n\n<p><strong>Wie werde ich Mitglied?<\/strong><\/p>\n\n\n\n<p><strong>Alle Eltern, die ein Kind an der VS Scharten haben, sind automatisch durch das Bezahlen des Mitgliedsbeitrags f\u00fcr das aktuelle Schuljahr Mitglied im Elternverein. Das bedeutet, dass sie auch an jeder Elternvereinssitzung teilnehmen und aktiv mitarbeiten k\u00f6nnen!<\/strong><\/p>\n\n\n\n<p><strong><u>Mitgliedsbeitrag<\/u><\/strong><strong>:&nbsp;&nbsp;&nbsp;&nbsp; 10 \u20ac<\/strong><\/p>\n\n\n\n<p><strong><u>Bankverbindung<\/u><\/strong><strong>:&nbsp;&nbsp;&nbsp;&nbsp; IBAN AT17 2033 0034 0109 3079<\/strong><\/p>\n\n\n\n<p><strong>Vereinsorganisation im Schuljahr 2023\/24<\/strong><\/p>\n\n\n\n<p>Obfrau:&nbsp;&nbsp;&nbsp;&nbsp;&nbsp;&nbsp;&nbsp;&nbsp;&nbsp;&nbsp;&nbsp;&nbsp;&nbsp;&nbsp;&nbsp;&nbsp;&nbsp; Petra W\u00fcrzl-Strubreiter<br>Obfrau Stv.:&nbsp; &nbsp;&nbsp;&nbsp;&nbsp;&nbsp;&nbsp;&nbsp;&nbsp;&nbsp; Michaela Doms<br>Kassier:&nbsp;&nbsp;&nbsp;&nbsp;&nbsp;&nbsp;&nbsp;&nbsp;&nbsp;&nbsp;&nbsp;&nbsp;&nbsp;&nbsp;&nbsp;&nbsp;&nbsp; Ursula Paminger<\/p>\n\n\n\n<p>Kassier Stv.: &nbsp;&nbsp;&nbsp;&nbsp;&nbsp;&nbsp;&nbsp;&nbsp;&nbsp; Cornelia Roithmeier<br>Schriftf\u00fchrer:&nbsp;&nbsp;&nbsp;&nbsp;&nbsp;&nbsp;&nbsp;&nbsp;&nbsp; Dietmar Pachinger<br>Rechnungspr\u00fcfer:&nbsp;&nbsp; Maria Sallaberger, Ilse Schedlberger<\/p>\n\n\n\n<p>ZVR-Nummer des Elternvereins: 352239508<\/p>\n\n\n\n<p><strong>Welche Aufgaben hat der Elternverein?<\/strong><\/p>\n\n\n\n<p><strong>&#8211;<\/strong><strong> <\/strong><strong>Ansprechpartner f\u00fcr Eltern und Schulleitung<br>&#8211; Vertretung von Anliegen der Eltern gegen\u00fcber der Schule und dem Schulerhalter<br>&#8211; Mitwirken bei Schulveranstaltungen<\/strong><\/p>\n\n\n\n<p><strong>&#8211; Unterst\u00fctzung f\u00fcr finanziell bed\u00fcrftige Sch\u00fcler (Projekttage, Ausfl\u00fcge, etc.)<br>&#8211; F\u00f6rderung positiver Erziehungseinfl\u00fcsse in Zusammenarbeit mit der Schule (z.B.<br>&nbsp;Schulb\u00fccherei, kriminalpr\u00e4ventive Veranstaltungen, Vortr\u00e4ge, etc.)<br>&#8211; Organisieren und Abhalten von Elternvereinssitzungen und vieles mehr<\/strong><\/p>\n\n\n\n<p><strong>Im Schuljahr 2023\/24 unterst\u00fctzen wir die Volksschule mit:<\/strong><\/p>\n\n\n\n<ul class=\"wp-block-list\">\n<li>T-Shirts f\u00fcr die Schulanf\u00e4nger<\/li>\n\n\n\n<li>Ankauf von Lehrmaterial, Unterrichtsmaterial nach Bedarf<\/li>\n\n\n\n<li>\u201cGesunde Jause\u201d<\/li>\n\n\n\n<li>Krampus<\/li>\n\n\n\n<li>Faschingskrapfen<\/li>\n\n\n\n<li>Freibad- und Eisgutscheine zur Radfahrpr\u00fcfung<\/li>\n\n\n\n<li>Buskosten<\/li>\n\n\n\n<li>Bewirtung beim Sommerfest<\/li>\n\n\n\n<li>Bratw\u00fcrstel und Sauerkraut f\u00fcr die Kinder und Lehrer zum Schulschluss<\/li>\n<\/ul>\n\n\n\n<p><strong>Kontaktadresse des Elternvereins:<\/strong><\/p>\n\n\n\n<p>Petra W\u00fcrzl-Strubreiter, Obfrau<\/p>\n\n\n\n<p>Tel.: 0664\/312 65 59<\/p>\n\n\n\n<p>eMail: <a href=\"mailto:armin.kopplhuber@gmail.com\">p.strubreiter@hotmail.com<\/a><\/p>\n\n\n\n<p><strong>Datenschutzerkl\u00e4rung:<\/strong><\/p>\n\n\n\n<p>Mit dem Zugriff auf den Abschnitt \u201cElternverein\u201d dieser Website werden keine personenbezogenen Daten erfasst, gespeichert oder verarbeitet. Sollten Sie \u00fcber die angegebenen Kontaktadresse mit dem Elternverein in Kontakt treten, werden die von Ihnen im Rahmen der Kommunikation preisgegebenen personenbezogenen Daten nicht erfasst, gespeichert oder verarbeitet.<\/p>\n\n\n\n<p>Allgemeing\u00fcltige Nachrichten (eMails) an die Mitglieder (Eltern) werden vom Elternverein nicht direkt an die Eltern versendet, sondern mit Bitte um entsprechende Verteilung an die Direktion der Volksschule gerichtet.<\/p>\n\n\n\n<p>Die Mitgliedschaft im Elternverein wird alleinig durch die j\u00e4hrliche Einzahlung des Mitgliedsbeitrags erlangt. Im Zuge dessen werden keine weiteren personenbezogenen Daten abgefragt oder erfasst, daf\u00fcr liegt auch kein berechtigtes Interesse im Sinne der DSGVO vor. Durch diesen Abauf ist gew\u00e4hrleistet, dass der Elternverein keine personenbezogenen Daten der Mitglieder (Eltern) erfassen, speichern oder verarbeiten kann.<\/p>\n\n\n\n<p><\/p>\n\n\n\n<p><\/p>\n\n\n\n<p><\/p>\n\n\n\n<p><\/p>\n\n\n\n<p><\/p>\n\n\n\n<p><\/p>\n\n\n\n<p><\/p>\n\n\n\n<p><\/p>\n\n\n\n<p><\/p>\n\n\n\n<p><\/p>\n","protected":false},"excerpt":{"rendered":"<p>DER ELTERNVEREIN DER VS SCHARTEN STELLT SICH VOR Was ist der Elternverein? * Der Elternverein ist ein \u00fcberparteilicher, konfessionell nicht gebundener Verein f\u00fcr die Eltern, deren Kinder die Volksschule Scharten besuchen. * Im Interesse einer guten Erziehung und F\u00f6rderung unserer Kinder sollen wir als Eltern unsere Rechte und M\u00f6glichkeiten auch in der Schule wahrnehmen. Dazu [&hellip;]<\/p>\n","protected":false},"author":1,"featured_media":0,"parent":0,"menu_order":0,"comment_status":"closed","ping_status":"closed","template":"","meta":{"site-sidebar-layout":"default","site-content-layout":"default","ast-site-content-layout":"default","site-content-style":"default","site-sidebar-style":"default","ast-global-header-display":"","ast-banner-title-visibility":"","ast-main-header-display":"","ast-hfb-above-header-display":"","ast-hfb-below-header-display":"","ast-hfb-mobile-header-display":"","site-post-title":"","ast-breadcrumbs-content":"","ast-featured-img":"","footer-sml-layout":"","ast-disable-related-posts":"","theme-transparent-header-meta":"default","adv-header-id-meta":"","stick-header-meta":"","header-above-stick-meta":"","header-main-stick-meta":"","header-below-stick-meta":"","astra-migrate-meta-layouts":"set","ast-page-background-enabled":"default","ast-page-background-meta":{"desktop":{"background-color":"var(--ast-global-color-4)","background-image":"","background-repeat":"repeat","background-position":"center center","background-size":"auto","background-attachment":"scroll","background-type":"","background-media":"","overlay-type":"","overlay-color":"","overlay-opacity":"","overlay-gradient":""},"tablet":{"background-color":"","background-image":"","background-repeat":"repeat","background-position":"center center","background-size":"auto","background-attachment":"scroll","background-type":"","background-media":"","overlay-type":"","overlay-color":"","overlay-opacity":"","overlay-gradient":""},"mobile":{"background-color":"","background-image":"","background-repeat":"repeat","background-position":"center center","background-size":"auto","background-attachment":"scroll","background-type":"","background-media":"","overlay-type":"","overlay-color":"","overlay-opacity":"","overlay-gradient":""}},"ast-content-background-meta":{"desktop":{"background-color":"var(--ast-global-color-5)","background-image":"","background-repeat":"repeat","background-position":"center center","background-size":"auto","background-attachment":"scroll","background-type":"","background-media":"","overlay-type":"","overlay-color":"","overlay-opacity":"","overlay-gradient":""},"tablet":{"background-color":"var(--ast-global-color-5)","background-image":"","background-repeat":"repeat","background-position":"center center","background-size":"auto","background-attachment":"scroll","background-type":"","background-media":"","overlay-type":"","overlay-color":"","overlay-opacity":"","overlay-gradient":""},"mobile":{"background-color":"var(--ast-global-color-5)","background-image":"","background-repeat":"repeat","background-position":"center center","background-size":"auto","background-attachment":"scroll","background-type":"","background-media":"","overlay-type":"","overlay-color":"","overlay-opacity":"","overlay-gradient":""}},"ngg_post_thumbnail":0,"footnotes":""},"class_list":["post-401","page","type-page","status-publish","hentry"],"_links":{"self":[{"href":"https:\/\/vsscharten.at\/index.php?rest_route=\/wp\/v2\/pages\/401","targetHints":{"allow":["GET"]}}],"collection":[{"href":"https:\/\/vsscharten.at\/index.php?rest_route=\/wp\/v2\/pages"}],"about":[{"href":"https:\/\/vsscharten.at\/index.php?rest_route=\/wp\/v2\/types\/page"}],"author":[{"embeddable":true,"href":"https:\/\/vsscharten.at\/index.php?rest_route=\/wp\/v2\/users\/1"}],"replies":[{"embeddable":true,"href":"https:\/\/vsscharten.at\/index.php?rest_route=%2Fwp%2Fv2%2Fcomments&post=401"}],"version-history":[{"count":4,"href":"https:\/\/vsscharten.at\/index.php?rest_route=\/wp\/v2\/pages\/401\/revisions"}],"predecessor-version":[{"id":1726,"href":"https:\/\/vsscharten.at\/index.php?rest_route=\/wp\/v2\/pages\/401\/revisions\/1726"}],"wp:attachment":[{"href":"https:\/\/vsscharten.at\/index.php?rest_route=%2Fwp%2Fv2%2Fmedia&parent=401"}],"curies":[{"name":"wp","href":"https:\/\/api.w.org\/{rel}","templated":true}]}}