{"id":472,"date":"2021-09-30T14:11:38","date_gmt":"2021-09-30T12:11:38","guid":{"rendered":"https:\/\/vsscharten.at\/?page_id=472"},"modified":"2022-12-01T09:39:20","modified_gmt":"2022-12-01T08:39:20","slug":"ganztagesschule","status":"publish","type":"page","link":"https:\/\/vsscharten.at\/?page_id=472","title":{"rendered":"Ganztagsschule"},"content":{"rendered":"\n<p>Seit dem Schuljahr 2020\/21 sind wir eine Ganztagsschule mit getrennter Abfolge. Alle Kinder, die eine Nachmittagsbetreuung brauchen, bekommen nach dem Unterricht ein Mittagsessen. Im Anschluss findet die Lernstunde statt, in der die Haus\u00fcbung gemacht wird. Der restliche Nachmittag wird mit gemeinsamen Spielen und Aktivit\u00e4ten verbracht. Die Betreuung im Freizeitteil \u00fcbernimmt das Team vom Hilfswerk.<\/p>\n\n\n\n<figure class=\"wp-block-image aligncenter size-full is-resized\"><img loading=\"lazy\" decoding=\"async\" src=\"https:\/\/vsscharten.at\/wp-content\/uploads\/2021\/10\/GTS.jpg\" alt=\"\" class=\"wp-image-503\" width=\"643\" height=\"482\"\/><\/figure>\n","protected":false},"excerpt":{"rendered":"<p>Seit dem Schuljahr 2020\/21 sind wir eine Ganztagsschule mit getrennter Abfolge. Alle Kinder, die eine Nachmittagsbetreuung brauchen, bekommen nach dem Unterricht ein Mittagsessen. Im Anschluss findet die Lernstunde statt, in der die Haus\u00fcbung gemacht wird. Der restliche Nachmittag wird mit gemeinsamen Spielen und Aktivit\u00e4ten verbracht. Die Betreuung im Freizeitteil \u00fcbernimmt das Team vom Hilfswerk.<\/p>\n","protected":false},"author":1,"featured_media":0,"parent":0,"menu_order":0,"comment_status":"closed","ping_status":"closed","template":"","meta":{"site-sidebar-layout":"default","site-content-layout":"default","ast-site-content-layout":"default","site-content-style":"default","site-sidebar-style":"default","ast-global-header-display":"","ast-banner-title-visibility":"","ast-main-header-display":"","ast-hfb-above-header-display":"","ast-hfb-below-header-display":"","ast-hfb-mobile-header-display":"","site-post-title":"","ast-breadcrumbs-content":"","ast-featured-img":"","footer-sml-layout":"","ast-disable-related-posts":"","theme-transparent-header-meta":"default","adv-header-id-meta":"","stick-header-meta":"","header-above-stick-meta":"","header-main-stick-meta":"","header-below-stick-meta":"","astra-migrate-meta-layouts":"default","ast-page-background-enabled":"default","ast-page-background-meta":{"desktop":{"background-color":"var(--ast-global-color-4)","background-image":"","background-repeat":"repeat","background-position":"center center","background-size":"auto","background-attachment":"scroll","background-type":"","background-media":"","overlay-type":"","overlay-color":"","overlay-opacity":"","overlay-gradient":""},"tablet":{"background-color":"","background-image":"","background-repeat":"repeat","background-position":"center center","background-size":"auto","background-attachment":"scroll","background-type":"","background-media":"","overlay-type":"","overlay-color":"","overlay-opacity":"","overlay-gradient":""},"mobile":{"background-color":"","background-image":"","background-repeat":"repeat","background-position":"center center","background-size":"auto","background-attachment":"scroll","background-type":"","background-media":"","overlay-type":"","overlay-color":"","overlay-opacity":"","overlay-gradient":""}},"ast-content-background-meta":{"desktop":{"background-color":"var(--ast-global-color-5)","background-image":"","background-repeat":"repeat","background-position":"center center","background-size":"auto","background-attachment":"scroll","background-type":"","background-media":"","overlay-type":"","overlay-color":"","overlay-opacity":"","overlay-gradient":""},"tablet":{"background-color":"var(--ast-global-color-5)","background-image":"","background-repeat":"repeat","background-position":"center center","background-size":"auto","background-attachment":"scroll","background-type":"","background-media":"","overlay-type":"","overlay-color":"","overlay-opacity":"","overlay-gradient":""},"mobile":{"background-color":"var(--ast-global-color-5)","background-image":"","background-repeat":"repeat","background-position":"center center","background-size":"auto","background-attachment":"scroll","background-type":"","background-media":"","overlay-type":"","overlay-color":"","overlay-opacity":"","overlay-gradient":""}},"ngg_post_thumbnail":0,"footnotes":""},"class_list":["post-472","page","type-page","status-publish","hentry"],"_links":{"self":[{"href":"https:\/\/vsscharten.at\/index.php?rest_route=\/wp\/v2\/pages\/472","targetHints":{"allow":["GET"]}}],"collection":[{"href":"https:\/\/vsscharten.at\/index.php?rest_route=\/wp\/v2\/pages"}],"about":[{"href":"https:\/\/vsscharten.at\/index.php?rest_route=\/wp\/v2\/types\/page"}],"author":[{"embeddable":true,"href":"https:\/\/vsscharten.at\/index.php?rest_route=\/wp\/v2\/users\/1"}],"replies":[{"embeddable":true,"href":"https:\/\/vsscharten.at\/index.php?rest_route=%2Fwp%2Fv2%2Fcomments&post=472"}],"version-history":[{"count":4,"href":"https:\/\/vsscharten.at\/index.php?rest_route=\/wp\/v2\/pages\/472\/revisions"}],"predecessor-version":[{"id":1379,"href":"https:\/\/vsscharten.at\/index.php?rest_route=\/wp\/v2\/pages\/472\/revisions\/1379"}],"wp:attachment":[{"href":"https:\/\/vsscharten.at\/index.php?rest_route=%2Fwp%2Fv2%2Fmedia&parent=472"}],"curies":[{"name":"wp","href":"https:\/\/api.w.org\/{rel}","templated":true}]}}