{"id":6,"date":"2017-02-07T05:02:01","date_gmt":"2017-02-07T05:02:01","guid":{"rendered":"https:\/\/raratheme.com\/preview\/preschool-and-kindergarten\/?page_id=6"},"modified":"2025-10-13T09:27:52","modified_gmt":"2025-10-13T07:27:52","slug":"home","status":"publish","type":"page","link":"https:\/\/vsscharten.at\/","title":{"rendered":"Home"},"content":{"rendered":"\n<div class=\"wp-block-columns is-layout-flex wp-container-core-columns-is-layout-28f84493 wp-block-columns-is-layout-flex\">\n<div class=\"wp-block-column is-layout-flow wp-block-column-is-layout-flow\" style=\"flex-basis:100%\">\n<figure class=\"wp-block-gallery alignwide has-nested-images columns-default is-cropped wp-block-gallery-1 is-layout-flex wp-block-gallery-is-layout-flex\">\n<figure data-wp-context=\"{&quot;imageId&quot;:&quot;69f0a92257a8c&quot;}\" data-wp-interactive=\"core\/image\" data-wp-key=\"69f0a92257a8c\" class=\"wp-block-image size-large wp-lightbox-container\"><img loading=\"lazy\" decoding=\"async\" width=\"1024\" height=\"225\" data-wp-class--hide=\"state.isContentHidden\" data-wp-class--show=\"state.isContentVisible\" data-wp-init=\"callbacks.setButtonStyles\" data-wp-on--click=\"actions.showLightbox\" data-wp-on--load=\"callbacks.setButtonStyles\" data-wp-on-window--resize=\"callbacks.setButtonStyles\" data-id=\"2693\" src=\"https:\/\/vsscharten.at\/wp-content\/uploads\/2025\/10\/Scharten_Panorama_Andreas-Roebl-2-1024x225.jpg\" alt=\"\" class=\"wp-image-2693\" srcset=\"https:\/\/vsscharten.at\/wp-content\/uploads\/2025\/10\/Scharten_Panorama_Andreas-Roebl-2-1024x225.jpg 1024w, https:\/\/vsscharten.at\/wp-content\/uploads\/2025\/10\/Scharten_Panorama_Andreas-Roebl-2-300x66.jpg 300w, https:\/\/vsscharten.at\/wp-content\/uploads\/2025\/10\/Scharten_Panorama_Andreas-Roebl-2-768x169.jpg 768w, https:\/\/vsscharten.at\/wp-content\/uploads\/2025\/10\/Scharten_Panorama_Andreas-Roebl-2-1536x338.jpg 1536w, https:\/\/vsscharten.at\/wp-content\/uploads\/2025\/10\/Scharten_Panorama_Andreas-Roebl-2-2048x451.jpg 2048w\" sizes=\"auto, (max-width: 1024px) 100vw, 1024px\" \/><button\n\t\t\tclass=\"lightbox-trigger\"\n\t\t\ttype=\"button\"\n\t\t\taria-haspopup=\"dialog\"\n\t\t\taria-label=\"Vergr\u00f6\u00dfern\"\n\t\t\tdata-wp-init=\"callbacks.initTriggerButton\"\n\t\t\tdata-wp-on--click=\"actions.showLightbox\"\n\t\t\tdata-wp-style--right=\"state.imageButtonRight\"\n\t\t\tdata-wp-style--top=\"state.imageButtonTop\"\n\t\t>\n\t\t\t<svg xmlns=\"http:\/\/www.w3.org\/2000\/svg\" width=\"12\" height=\"12\" fill=\"none\" viewBox=\"0 0 12 12\">\n\t\t\t\t<path fill=\"#fff\" d=\"M2 0a2 2 0 0 0-2 2v2h1.5V2a.5.5 0 0 1 .5-.5h2V0H2Zm2 10.5H2a.5.5 0 0 1-.5-.5V8H0v2a2 2 0 0 0 2 2h2v-1.5ZM8 12v-1.5h2a.5.5 0 0 0 .5-.5V8H12v2a2 2 0 0 1-2 2H8Zm2-12a2 2 0 0 1 2 2v2h-1.5V2a.5.5 0 0 0-.5-.5H8V0h2Z\" \/>\n\t\t\t<\/svg>\n\t\t<\/button><\/figure>\n<\/figure>\n<\/div>\n<\/div>\n\n\n\n<div class=\"wp-block-media-text has-media-on-the-right is-stacked-on-mobile\" style=\"grid-template-columns:auto 48%\"><div class=\"wp-block-media-text__content\">\n<h1 class=\"wp-block-heading has-text-align-center has-luminous-vivid-amber-color has-text-color has-link-color wp-elements-a5814154f8d0da77b4d45192d3e0b34b\"><strong>Volksschule Scharten<\/strong><br>Herzlich Willkommen!<\/h1>\n<\/div><figure class=\"wp-block-media-text__media\"><img loading=\"lazy\" decoding=\"async\" width=\"408\" height=\"253\" src=\"https:\/\/vsscharten.at\/wp-content\/uploads\/2021\/08\/VSScharten2-e1618385892908.png\" alt=\"\" class=\"wp-image-193 size-full\" srcset=\"https:\/\/vsscharten.at\/wp-content\/uploads\/2021\/08\/VSScharten2-e1618385892908.png 408w, https:\/\/vsscharten.at\/wp-content\/uploads\/2021\/08\/VSScharten2-e1618385892908-300x186.png 300w\" sizes=\"auto, (max-width: 408px) 100vw, 408px\" \/><\/figure><\/div>\n\n\n\n<hr class=\"wp-block-separator has-text-color has-luminous-vivid-amber-color has-alpha-channel-opacity has-luminous-vivid-amber-background-color has-background is-style-wide\"\/>\n\n\n\n<p><br><\/p>\n\n\n\n<h1 class=\"wp-block-heading has-text-align-center has-luminous-vivid-amber-color has-text-color\"><strong><em>Leitbild<\/em><\/strong><\/h1>\n\n\n\n<p class=\"has-text-align-center\"><em>Schule lebt, wenn sie mehr bietet als Unterricht in Jahrgangsklassen.<br>Feste, Feiern, Ausfl\u00fcge, Aktionen, Unternehmungen, Veranstaltungen<br>k\u00f6nnen dem Unterricht Lebensbezug und Bedeutung geben, ihn<br>umrahmen, bereichern und aktualisieren.<\/em><\/p>\n\n\n\n<ul class=\"wp-block-list\">\n<li><em>Wir wollen unsere Schule zu einer Lebensst\u00e4tte entwickeln, in der Kinder auch \u00fcber Klassen- und Jahrgangsgrenzen hinaus arbeiten, lernen, spielen und zusammenleben, um alle Kr\u00e4fte ihrer Pers\u00f6nlichkeit zu entwickeln.<\/em><\/li>\n\n\n\n<li><em>Wir bem\u00fchen uns um einen offenen und freundlichen, h\u00f6flichen und respektvollen Umgang miteinander.<\/em><\/li>\n\n\n\n<li><em>Wir setzen verschiedene Lernformen und Unterrichtsmethoden ein, um zeitgem\u00e4\u00dfes Lernen zu erm\u00f6glichen.<\/em><\/li>\n\n\n\n<li><em>Unsere Kinder lernen umweltfreundliches und verantwortungsvolles Handeln.<\/em><\/li>\n\n\n\n<li><em>Wir wollen den Sch\u00fcler\/innen die Besonderheiten unseres Naturparkes bewusst machen, die Tier- und Pflanzenwelt gemeinsam erkunden.<\/em><\/li>\n\n\n\n<li><em>Die Kinder sollen ihren unmittelbaren und einzigartigen Lebensraum kennen und als sch\u00fctzenswert erachten lernen.<\/em><\/li>\n\n\n\n<li><em>Wir akzeptieren die Unterschiedlichkeit der Menschen und sehen es als unsere Aufgabe an, die Pers\u00f6nlichkeit eines jeden zu achten und zu st\u00e4rken.<\/em><\/li>\n\n\n\n<li><em>Unsere Kinder werden in ihrer Selbstst\u00e4ndigkeit, Eigenverantwortung und Kreativit\u00e4t gef\u00f6rdert und gefordert.<\/em><\/li>\n\n\n\n<li><em>Wir erleben den Jahreskreis aktiv und feiern miteinander.<\/em><\/li>\n\n\n\n<li><em>Wir f\u00f6rdern eine gute Zusammenarbeit mit den Eltern und dem schulischen Umfeld.<\/em><\/li>\n\n\n\n<li><em>Wir bieten vielf\u00e4ltige Bewegungsm\u00f6glichkeiten in der Pause und im Unterricht.<\/em><\/li>\n<\/ul>\n\n\n\n<p>aktualisiert: Oktober 2025<\/p>\n\n\n\n<p><\/p>\n","protected":false},"excerpt":{"rendered":"<p>Volksschule SchartenHerzlich Willkommen! Leitbild Schule lebt, wenn sie mehr bietet als Unterricht in Jahrgangsklassen.Feste, Feiern, Ausfl\u00fcge, Aktionen, Unternehmungen, Veranstaltungenk\u00f6nnen dem Unterricht Lebensbezug und Bedeutung geben, ihnumrahmen, bereichern und aktualisieren. aktualisiert: Oktober 2025<\/p>\n","protected":false},"author":1,"featured_media":0,"parent":0,"menu_order":0,"comment_status":"closed","ping_status":"closed","template":"","meta":{"site-sidebar-layout":"default","site-content-layout":"default","ast-site-content-layout":"default","site-content-style":"default","site-sidebar-style":"default","ast-global-header-display":"","ast-banner-title-visibility":"","ast-main-header-display":"","ast-hfb-above-header-display":"","ast-hfb-below-header-display":"","ast-hfb-mobile-header-display":"","site-post-title":"disabled","ast-breadcrumbs-content":"","ast-featured-img":"","footer-sml-layout":"","ast-disable-related-posts":"","theme-transparent-header-meta":"default","adv-header-id-meta":"","stick-header-meta":"","header-above-stick-meta":"","header-main-stick-meta":"","header-below-stick-meta":"","astra-migrate-meta-layouts":"set","ast-page-background-enabled":"default","ast-page-background-meta":{"desktop":{"background-color":"var(--ast-global-color-4)","background-image":"","background-repeat":"repeat","background-position":"center center","background-size":"auto","background-attachment":"scroll","background-type":"","background-media":"","overlay-type":"","overlay-color":"","overlay-opacity":"","overlay-gradient":""},"tablet":{"background-color":"","background-image":"","background-repeat":"repeat","background-position":"center center","background-size":"auto","background-attachment":"scroll","background-type":"","background-media":"","overlay-type":"","overlay-color":"","overlay-opacity":"","overlay-gradient":""},"mobile":{"background-color":"","background-image":"","background-repeat":"repeat","background-position":"center center","background-size":"auto","background-attachment":"scroll","background-type":"","background-media":"","overlay-type":"","overlay-color":"","overlay-opacity":"","overlay-gradient":""}},"ast-content-background-meta":{"desktop":{"background-color":"var(--ast-global-color-5)","background-image":"","background-repeat":"repeat","background-position":"center center","background-size":"auto","background-attachment":"scroll","background-type":"","background-media":"","overlay-type":"","overlay-color":"","overlay-opacity":"","overlay-gradient":""},"tablet":{"background-color":"var(--ast-global-color-5)","background-image":"","background-repeat":"repeat","background-position":"center center","background-size":"auto","background-attachment":"scroll","background-type":"","background-media":"","overlay-type":"","overlay-color":"","overlay-opacity":"","overlay-gradient":""},"mobile":{"background-color":"var(--ast-global-color-5)","background-image":"","background-repeat":"repeat","background-position":"center center","background-size":"auto","background-attachment":"scroll","background-type":"","background-media":"","overlay-type":"","overlay-color":"","overlay-opacity":"","overlay-gradient":""}},"ngg_post_thumbnail":0,"footnotes":""},"class_list":["post-6","page","type-page","status-publish","hentry"],"_links":{"self":[{"href":"https:\/\/vsscharten.at\/index.php?rest_route=\/wp\/v2\/pages\/6","targetHints":{"allow":["GET"]}}],"collection":[{"href":"https:\/\/vsscharten.at\/index.php?rest_route=\/wp\/v2\/pages"}],"about":[{"href":"https:\/\/vsscharten.at\/index.php?rest_route=\/wp\/v2\/types\/page"}],"author":[{"embeddable":true,"href":"https:\/\/vsscharten.at\/index.php?rest_route=\/wp\/v2\/users\/1"}],"replies":[{"embeddable":true,"href":"https:\/\/vsscharten.at\/index.php?rest_route=%2Fwp%2Fv2%2Fcomments&post=6"}],"version-history":[{"count":48,"href":"https:\/\/vsscharten.at\/index.php?rest_route=\/wp\/v2\/pages\/6\/revisions"}],"predecessor-version":[{"id":2699,"href":"https:\/\/vsscharten.at\/index.php?rest_route=\/wp\/v2\/pages\/6\/revisions\/2699"}],"wp:attachment":[{"href":"https:\/\/vsscharten.at\/index.php?rest_route=%2Fwp%2Fv2%2Fmedia&parent=6"}],"curies":[{"name":"wp","href":"https:\/\/api.w.org\/{rel}","templated":true}]}}